{"id":138039,"date":"2020-06-30T15:56:07","date_gmt":"2020-06-30T13:56:07","guid":{"rendered":"http:\/\/vision-business-consulting.com\/eh\/?page_id=138039"},"modified":"2023-09-17T19:34:47","modified_gmt":"2023-09-17T17:34:47","slug":"nouvelles-et-evenements","status":"publish","type":"page","link":"https:\/\/eh.ma\/fr\/nouvelles-et-evenements\/","title":{"rendered":"NOUVELLES ET \u00c9V\u00c9NEMENTS"},"content":{"rendered":"\t\t<div data-elementor-type=\"wp-page\" data-elementor-id=\"138039\" class=\"elementor elementor-138039\">\n\t\t\t\t\t\t\t\t\t<section class=\"elementor-section elementor-top-section elementor-element elementor-element-fdfa315 elementor-section-boxed elementor-section-height-default elementor-section-height-default\" data-id=\"fdfa315\" data-element_type=\"section\">\n\t\t\t\t\t\t<div class=\"elementor-container elementor-column-gap-default\">\n\t\t\t\t\t<div class=\"elementor-column elementor-col-100 elementor-top-column elementor-element elementor-element-1bd320f\" data-id=\"1bd320f\" data-element_type=\"column\">\n\t\t\t<div class=\"elementor-widget-wrap elementor-element-populated\">\n\t\t\t\t\t\t\t\t<div class=\"elementor-element elementor-element-ade4dfc elementor-widget elementor-widget-thim-list-post\" data-id=\"ade4dfc\" data-element_type=\"widget\" data-widget_type=\"thim-list-post.default\">\n\t\t\t\t<div class=\"elementor-widget-container\">\n\t\t\t<div class=\"thim-list-post-inner\"><div class=\"thim-grid-posts has-horizontal\"><div class=\"grid-horizontal\">\t\t\t<div class=\"item-post post-139958 post type-post status-publish format-standard has-post-thumbnail hentry category-announcements\">\n\t\t\t\t<div class=\"article-image\"><img decoding=\"async\" loading=\"lazy\" src=\"https:\/\/eh.ma\/fr\/wp-content\/uploads\/2020\/10\/67-3.jpg\" alt=\"67\" title=\"67\"  width=\"1024\" height=\"682\"><\/div><div class=\"article-wrapper\"><div class=\"date\">9 May 2022<\/div><h5 class=\"title\"><a href=\"https:\/\/eh.ma\/fr\/ouverture-de-lenglish-highway-a-fes\/\" class=\"article-title\">Ouverture de l&#8217;English Highway \u00e0 F\u00e8s<\/a><\/h5><div class=\"desc\"><p>Ouverture de l&#8217;English Highway \u00e0 F\u00e8s (9 h 00 \u2013 19 h...<\/p><\/div><a class=\"read-more\" href=\"https:\/\/eh.ma\/fr\/ouverture-de-lenglish-highway-a-fes\/\" >Read More<i class=\"fa fa-long-arrow-right\"><\/i><\/a><\/div>\t\t\t<\/div>\n\t\t\t\t\t\t<div class=\"item-post post-139519 post type-post status-publish format-standard has-post-thumbnail hentry category-other\">\n\t\t\t\t<div class=\"article-image\"><img decoding=\"async\" loading=\"lazy\" src=\"https:\/\/eh.ma\/fr\/wp-content\/uploads\/2020\/10\/HAPPY-WORLD-TEACHERS-DAY.jpg\" alt=\"HAPPY WORLD TEACHER&#8217;S DAY\" title=\"HAPPY WORLD TEACHER&#8217;S DAY\"  width=\"1500\" height=\"1000\"><\/div><div class=\"article-wrapper\"><div class=\"date\">5 October 2020<\/div><h5 class=\"title\"><a href=\"https:\/\/eh.ma\/fr\/joyeuse-journee-mondiale-des-enseignants\/\" class=\"article-title\">JOYEUSE JOURN\u00c9E MONDIALE DES ENSEIGNANTS<\/a><\/h5><div class=\"desc\"><p>English Highway c\u00e9l\u00e8bre aujourd&#8217;hui la Journ\u00e9e mondiale des enseignants. C&#8217;est une excellente...<\/p><\/div><a class=\"read-more\" href=\"https:\/\/eh.ma\/fr\/joyeuse-journee-mondiale-des-enseignants\/\" >Read More<i class=\"fa fa-long-arrow-right\"><\/i><\/a><\/div>\t\t\t<\/div>\n\t\t\t\t\t\t<div class=\"item-post post-10586 post type-post status-publish format-gallery has-post-thumbnail hentry category-announcements post_format-post-format-gallery\">\n\t\t\t\t<div class=\"article-image\"><img decoding=\"async\" loading=\"lazy\" src=\"https:\/\/eh.ma\/fr\/wp-content\/uploads\/2020\/09\/1500-1000-6.jpg\" alt=\"1500-1000-6\" title=\"1500-1000-6\"  width=\"1500\" height=\"1000\"><\/div><div class=\"article-wrapper\"><div class=\"date\">5 September 2020<\/div><h5 class=\"title\"><a href=\"https:\/\/eh.ma\/fr\/les-cours-commencent-bientot\/\" class=\"article-title\">Les cours commencent bient\u00f4t<\/a><\/h5><div class=\"desc\"><p>Les cours commenceront le 7 octobre. Les \u00e9l\u00e8ves devraient arriver au centre...<\/p><\/div><a class=\"read-more\" href=\"https:\/\/eh.ma\/fr\/les-cours-commencent-bientot\/\" >Read More<i class=\"fa fa-long-arrow-right\"><\/i><\/a><\/div>\t\t\t<\/div>\n\t\t\t\t\t\t<div class=\"item-post post-138990 post type-post status-publish format-standard has-post-thumbnail hentry category-announcements\">\n\t\t\t\t<div class=\"article-image\"><img decoding=\"async\" loading=\"lazy\" src=\"https:\/\/eh.ma\/fr\/wp-content\/uploads\/2020\/09\/1500-1000.jpg\" alt=\"1500-1000\" title=\"1500-1000\"  width=\"1500\" height=\"1000\"><\/div><div class=\"article-wrapper\"><div class=\"date\">1 September 2020<\/div><h5 class=\"title\"><a href=\"https:\/\/eh.ma\/fr\/inscrivez-vous-des-aujourdhui\/\" class=\"article-title\">Inscrivez-vous d\u00e8s aujourd&#8217;hui<\/a><\/h5><div class=\"desc\"><p>Les inscriptions pour l&#8217;ann\u00e9e acad\u00e9mique 2020\/2021 commencent aujourd&#8217;hui. Conform\u00e9ment aux directives du...<\/p><\/div><a class=\"read-more\" href=\"https:\/\/eh.ma\/fr\/inscrivez-vous-des-aujourdhui\/\" >Read More<i class=\"fa fa-long-arrow-right\"><\/i><\/a><\/div>\t\t\t<\/div>\n\t\t\t\t\t\t<div class=\"item-post post-139013 post type-post status-publish format-standard has-post-thumbnail hentry category-other\">\n\t\t\t\t<div class=\"article-image\"><img decoding=\"async\" loading=\"lazy\" src=\"https:\/\/eh.ma\/fr\/wp-content\/uploads\/2020\/09\/1500-1000-7.jpg\" alt=\"1500-1000-7\" title=\"1500-1000-7\"  width=\"1500\" height=\"1000\"><\/div><div class=\"article-wrapper\"><div class=\"date\">21 August 2020<\/div><h5 class=\"title\"><a href=\"https:\/\/eh.ma\/fr\/new-hijri-year\/\" class=\"article-title\">Nouvelle ann\u00e9e h\u00e9girienne<\/a><\/h5><div class=\"desc\"><p>La nation islamique c\u00e9l\u00e8bre une nouvelle ann\u00e9e h\u00e9girienne. F\u00e9licitations \u00e0 tous et...<\/p><\/div><a class=\"read-more\" href=\"https:\/\/eh.ma\/fr\/new-hijri-year\/\" >Read More<i class=\"fa fa-long-arrow-right\"><\/i><\/a><\/div>\t\t\t<\/div>\n\t\t\t\t\t\t<div class=\"item-post post-139011 post type-post status-publish format-standard has-post-thumbnail hentry category-news\">\n\t\t\t\t<div class=\"article-image\"><img decoding=\"async\" loading=\"lazy\" src=\"https:\/\/eh.ma\/fr\/wp-content\/uploads\/2020\/09\/1500-1000-2.jpg\" alt=\"1500-1000-2\" title=\"1500-1000-2\"  width=\"1500\" height=\"1000\"><\/div><div class=\"article-wrapper\"><div class=\"date\">25 July 2020<\/div><h5 class=\"title\"><a href=\"https:\/\/eh.ma\/fr\/felicitations-pour-la-reussite-au-bac-pass\/\" class=\"article-title\">F\u00e9licitations pour la r\u00e9ussite au BAC PASS<\/a><\/h5><div class=\"desc\"><p>F\u00e9licitations \u00e0 tous les \u00e9l\u00e8ves ayant r\u00e9ussi au BAC PASS. Nous sommes...<\/p><\/div><a class=\"read-more\" href=\"https:\/\/eh.ma\/fr\/felicitations-pour-la-reussite-au-bac-pass\/\" >Read More<i class=\"fa fa-long-arrow-right\"><\/i><\/a><\/div>\t\t\t<\/div>\n\t\t\t\t\t\t<div class=\"item-post post-139019 post type-post status-publish format-standard has-post-thumbnail hentry category-other\">\n\t\t\t\t<div class=\"article-image\"><img decoding=\"async\" loading=\"lazy\" src=\"https:\/\/eh.ma\/fr\/wp-content\/uploads\/2020\/09\/1500-1000-3.jpg\" alt=\"1500-1000-3\" title=\"1500-1000-3\"  width=\"1500\" height=\"1000\"><\/div><div class=\"article-wrapper\"><div class=\"date\">24 May 2020<\/div><h5 class=\"title\"><a href=\"https:\/\/eh.ma\/fr\/joyeux-aid-al-fitr\/\" class=\"article-title\">Joyeux Aid Al-Fitr<\/a><\/h5><div class=\"desc\"><p>Happy Aid Al-Fitr to Joyeux Aid Al-Fitr \u00e0 la communaut\u00e9 d&#8217;English Highway...<\/p><\/div><a class=\"read-more\" href=\"https:\/\/eh.ma\/fr\/joyeux-aid-al-fitr\/\" >Read More<i class=\"fa fa-long-arrow-right\"><\/i><\/a><\/div>\t\t\t<\/div>\n\t\t\t\t\t\t<div class=\"item-post post-139021 post type-post status-publish format-standard has-post-thumbnail hentry category-news\">\n\t\t\t\t<div class=\"article-image\"><img decoding=\"async\" loading=\"lazy\" src=\"https:\/\/eh.ma\/fr\/wp-content\/uploads\/2020\/09\/1500-1000-4.jpg\" alt=\"1500-1000-4\" title=\"1500-1000-4\"  width=\"1500\" height=\"1000\"><\/div><div class=\"article-wrapper\"><div class=\"date\">23 April 2020<\/div><h5 class=\"title\"><a href=\"https:\/\/eh.ma\/fr\/journee-de-la-langue-anglaise\/\" class=\"article-title\">Journ\u00e9e de la Langue Anglaise<\/a><\/h5><div class=\"desc\"><p>Les \u00e9l\u00e8ves d&#8217;English Highway ont c\u00e9l\u00e9br\u00e9 la Journ\u00e9e de la Langue Anglaise...<\/p><\/div><a class=\"read-more\" href=\"https:\/\/eh.ma\/fr\/journee-de-la-langue-anglaise\/\" >Read More<i class=\"fa fa-long-arrow-right\"><\/i><\/a><\/div>\t\t\t<\/div>\n\t\t\t\t\t\t<div class=\"item-post post-139023 post type-post status-publish format-standard has-post-thumbnail hentry category-announcements\">\n\t\t\t\t<div class=\"article-image\"><img decoding=\"async\" loading=\"lazy\" src=\"https:\/\/eh.ma\/fr\/wp-content\/uploads\/2020\/09\/1500-1000-8.jpg\" alt=\"1500-1000-8\" title=\"1500-1000-8\"  width=\"1500\" height=\"1000\"><\/div><div class=\"article-wrapper\"><div class=\"date\">16 March 2020<\/div><h5 class=\"title\"><a href=\"https:\/\/eh.ma\/fr\/classes-suspension\/\" class=\"article-title\">Suspension des cours<\/a><\/h5><div class=\"desc\"><p>Les cours sont suspendus en raison de l&#8217;\u00e9pid\u00e9mie de coronavirus (COVID-19). Des...<\/p><\/div><a class=\"read-more\" href=\"https:\/\/eh.ma\/fr\/classes-suspension\/\" >Read More<i class=\"fa fa-long-arrow-right\"><\/i><\/a><\/div>\t\t\t<\/div>\n\t\t\t\t\t\t<div class=\"item-post post-139030 post type-post status-publish format-standard has-post-thumbnail hentry category-other\">\n\t\t\t\t<div class=\"article-image\"><img decoding=\"async\" loading=\"lazy\" src=\"https:\/\/eh.ma\/fr\/wp-content\/uploads\/2020\/09\/1500-1000-9.jpg\" alt=\"1500-1000-9\" title=\"1500-1000-9\"  width=\"1500\" height=\"1000\"><\/div><div class=\"article-wrapper\"><div class=\"date\">1 January 2020<\/div><h5 class=\"title\"><a href=\"https:\/\/eh.ma\/fr\/happy-2020\/\" class=\"article-title\">Joyeuse ann\u00e9e 2020<\/a><\/h5><div class=\"desc\"><p>Bonne ann\u00e9e avec les meilleurs v\u0153ux pour tous. Le centre est ferm\u00e9...<\/p><\/div><a class=\"read-more\" href=\"https:\/\/eh.ma\/fr\/happy-2020\/\" >Read More<i class=\"fa fa-long-arrow-right\"><\/i><\/a><\/div>\t\t\t<\/div>\n\t\t\t\t\t\t<div class=\"item-post post-139033 post type-post status-publish format-standard has-post-thumbnail hentry category-announcements\">\n\t\t\t\t<div class=\"article-image\"><img decoding=\"async\" loading=\"lazy\" src=\"https:\/\/eh.ma\/fr\/wp-content\/uploads\/2020\/09\/1500-1000-5.jpg\" alt=\"1500-1000-5\" title=\"1500-1000-5\"  width=\"1500\" height=\"1000\"><\/div><div class=\"article-wrapper\"><div class=\"date\">12 October 2019<\/div><h5 class=\"title\"><a href=\"https:\/\/eh.ma\/fr\/debut-du-trimestre-dautomne\/\" class=\"article-title\">D\u00e9but du trimestre d&#8217;automne<\/a><\/h5><div class=\"desc\"><p>Les cours du trimestre d&#8217;automne commencent aujourd&#8217;hui. Les clubs d\u00e9butent \u00e9galement ce...<\/p><\/div><a class=\"read-more\" href=\"https:\/\/eh.ma\/fr\/debut-du-trimestre-dautomne\/\" >Read More<i class=\"fa fa-long-arrow-right\"><\/i><\/a><\/div>\t\t\t<\/div>\n\t\t\t\t\t\t<div class=\"item-post post-139036 post type-post status-publish format-standard has-post-thumbnail hentry category-news\">\n\t\t\t\t<div class=\"article-image\"><img decoding=\"async\" loading=\"lazy\" src=\"https:\/\/eh.ma\/fr\/wp-content\/uploads\/2020\/09\/1500-1000-10.jpg\" alt=\"1500-1000-10\" title=\"1500-1000-10\"  width=\"1500\" height=\"1000\"><\/div><div class=\"article-wrapper\"><div class=\"date\">29 August 2019<\/div><h5 class=\"title\"><a href=\"https:\/\/eh.ma\/fr\/etudiants-americains-sur-le-campus\/\" class=\"article-title\">\u00c9tudiants am\u00e9ricains sur le campus<\/a><\/h5><div class=\"desc\"><p>English Highway accueille un groupe d&#8217;\u00e9tudiants am\u00e9ricains qui passeront dix jours au...<\/p><\/div><a class=\"read-more\" href=\"https:\/\/eh.ma\/fr\/etudiants-americains-sur-le-campus\/\" >Read More<i class=\"fa fa-long-arrow-right\"><\/i><\/a><\/div>\t\t\t<\/div>\n\t\t\t<\/div><\/div><\/div>\t\t<\/div>\n\t\t\t\t<\/div>\n\t\t\t\t\t<\/div>\n\t\t<\/div>\n\t\t\t\t\t\t\t<\/div>\n\t\t<\/section>\n\t\t\t\t<section class=\"elementor-section elementor-top-section elementor-element elementor-element-9ee2d7e elementor-section-boxed elementor-section-height-default elementor-section-height-default\" data-id=\"9ee2d7e\" data-element_type=\"section\">\n\t\t\t\t\t\t<div class=\"elementor-container elementor-column-gap-default\">\n\t\t\t\t\t<div class=\"elementor-column elementor-col-100 elementor-top-column elementor-element elementor-element-db9c384\" data-id=\"db9c384\" data-element_type=\"column\">\n\t\t\t<div class=\"elementor-widget-wrap\">\n\t\t\t\t\t\t\t\t\t<\/div>\n\t\t<\/div>\n\t\t\t\t\t\t\t<\/div>\n\t\t<\/section>\n\t\t\t\t\t\t\t<\/div>\n\t\t","protected":false},"excerpt":{"rendered":"<p>9 mai 2022 Opening of English Highway Fez Opening of English Highway FOpening of English Highway Fez (9 h 00&#8230; Read More 5 octobre 2020 HAPPY WORLD TEACHER\u2019S DAY English Highway celebrates today the World Teacher\u2019s Day. It is a &hellip; <\/p>\n","protected":false},"author":2,"featured_media":0,"parent":0,"menu_order":0,"comment_status":"closed","ping_status":"closed","template":"","meta":{"om_disable_all_campaigns":false,"footnotes":""},"aioseo_notices":[],"_links":{"self":[{"href":"https:\/\/eh.ma\/fr\/wp-json\/wp\/v2\/pages\/138039"}],"collection":[{"href":"https:\/\/eh.ma\/fr\/wp-json\/wp\/v2\/pages"}],"about":[{"href":"https:\/\/eh.ma\/fr\/wp-json\/wp\/v2\/types\/page"}],"author":[{"embeddable":true,"href":"https:\/\/eh.ma\/fr\/wp-json\/wp\/v2\/users\/2"}],"replies":[{"embeddable":true,"href":"https:\/\/eh.ma\/fr\/wp-json\/wp\/v2\/comments?post=138039"}],"version-history":[{"count":42,"href":"https:\/\/eh.ma\/fr\/wp-json\/wp\/v2\/pages\/138039\/revisions"}],"predecessor-version":[{"id":140410,"href":"https:\/\/eh.ma\/fr\/wp-json\/wp\/v2\/pages\/138039\/revisions\/140410"}],"wp:attachment":[{"href":"https:\/\/eh.ma\/fr\/wp-json\/wp\/v2\/media?parent=138039"}],"curies":[{"name":"wp","href":"https:\/\/api.w.org\/{rel}","templated":true}]}}