{"id":138007,"date":"2020-06-30T13:40:18","date_gmt":"2020-06-30T11:40:18","guid":{"rendered":"http:\/\/vision-business-consulting.com\/eh\/?page_id=138007"},"modified":"2023-09-17T19:24:03","modified_gmt":"2023-09-17T17:24:03","slug":"visitez-londres-ou-new-york","status":"publish","type":"page","link":"https:\/\/eh.ma\/fr\/visitez-londres-ou-new-york\/","title":{"rendered":"VISITEZ LONDRES OU NEW YORK"},"content":{"rendered":"<p>[vc_row][vc_column][vc_empty_space][vc_column_text]Visitez Londres et\/ou New York et combinez l&#8217;apprentissage de l&#8217;anglais avec des vacances estivales extraordinaires. Ces programmes d&#8217;immersion se d\u00e9roulent dans des universit\u00e9s prestigieuses situ\u00e9es au c\u0153ur de Londres et de New York.<\/p>\n<p>Les participants \u00e0 ce programme b\u00e9n\u00e9ficient d&#8217;un programme riche et diversifi\u00e9, compos\u00e9 d&#8217;une combinaison d&#8217;enseignement formel en classe et d&#8217;activit\u00e9s d&#8217;apprentissage ludiques. Comme le nombre de participants est limit\u00e9, les \u00e9tudiants int\u00e9ress\u00e9s sont encourag\u00e9s \u00e0 s&#8217;inscrire au plus tard le 31 d\u00e9cembre de chaque ann\u00e9e.<\/p>\n<p>[\/vc_column_text][vc_gallery interval=&#8221;3&#8243; images=&#8221;139502,139503,139504,139505,139506,139507,139508,139509,139510&#8243; img_size=&#8221;full&#8221;][\/vc_column][\/vc_row]<\/p>\n","protected":false},"excerpt":{"rendered":"<p>[vc_row][vc_column][vc_empty_space][vc_column_text]Visitez Londres et\/ou New York et combinez l&#8217;apprentissage de l&#8217;anglais avec des vacances estivales extraordinaires. Ces programmes d&#8217;immersion se d\u00e9roulent dans des universit\u00e9s prestigieuses situ\u00e9es au c\u0153ur de Londres et de New York. Les participants \u00e0 ce programme b\u00e9n\u00e9ficient d&#8217;un &hellip; <\/p>\n","protected":false},"author":2,"featured_media":0,"parent":0,"menu_order":0,"comment_status":"closed","ping_status":"closed","template":"","meta":{"om_disable_all_campaigns":false,"footnotes":""},"aioseo_notices":[],"_links":{"self":[{"href":"https:\/\/eh.ma\/fr\/wp-json\/wp\/v2\/pages\/138007"}],"collection":[{"href":"https:\/\/eh.ma\/fr\/wp-json\/wp\/v2\/pages"}],"about":[{"href":"https:\/\/eh.ma\/fr\/wp-json\/wp\/v2\/types\/page"}],"author":[{"embeddable":true,"href":"https:\/\/eh.ma\/fr\/wp-json\/wp\/v2\/users\/2"}],"replies":[{"embeddable":true,"href":"https:\/\/eh.ma\/fr\/wp-json\/wp\/v2\/comments?post=138007"}],"version-history":[{"count":10,"href":"https:\/\/eh.ma\/fr\/wp-json\/wp\/v2\/pages\/138007\/revisions"}],"predecessor-version":[{"id":140325,"href":"https:\/\/eh.ma\/fr\/wp-json\/wp\/v2\/pages\/138007\/revisions\/140325"}],"wp:attachment":[{"href":"https:\/\/eh.ma\/fr\/wp-json\/wp\/v2\/media?parent=138007"}],"curies":[{"name":"wp","href":"https:\/\/api.w.org\/{rel}","templated":true}]}}