{"id":137987,"date":"2020-06-30T13:25:52","date_gmt":"2020-06-30T11:25:52","guid":{"rendered":"http:\/\/vision-business-consulting.com\/eh\/?page_id=137987"},"modified":"2023-09-16T23:36:10","modified_gmt":"2023-09-16T21:36:10","slug":"bibliotheque","status":"publish","type":"page","link":"https:\/\/eh.ma\/fr\/bibliotheque\/","title":{"rendered":"BIBLIOTH\u00c8QUE"},"content":{"rendered":"<p>[vc_row][vc_column][vc_empty_space][vc_column_text]\u00c0 l&#8217;\u00e8re num\u00e9rique, nous croyons que les biblioth\u00e8ques doivent exister pour encourager l&#8217;apprentissage et la r\u00e9flexion. C&#8217;est la raison pour laquelle English Highway consacre un espace magnifiquement con\u00e7u pour \u00eatre le point central de toutes sortes d&#8217;activit\u00e9s de lecture et culturelles.<\/p>\n<p>Les \u00e9tudiants et les enseignants sont encourag\u00e9s \u00e0 utiliser le mat\u00e9riel compl\u00e9mentaire li\u00e9 \u00e0 leur \u00e2ge, les lecteurs class\u00e9s par niveau, les r\u00e9f\u00e9rences, les jeux d&#8217;apprentissage, les DVS d&#8217;\u00e9coute, etc. disponibles dans notre biblioth\u00e8que.[\/vc_column_text][vc_gallery interval=&#8221;3&#8243; images=&#8221;139299,139300&#8243; img_size=&#8221;full&#8221;][\/vc_column][\/vc_row]<\/p>\n","protected":false},"excerpt":{"rendered":"<p>[vc_row][vc_column][vc_empty_space][vc_column_text]\u00c0 l&#8217;\u00e8re num\u00e9rique, nous croyons que les biblioth\u00e8ques doivent exister pour encourager l&#8217;apprentissage et la r\u00e9flexion. C&#8217;est la raison pour laquelle English Highway consacre un espace magnifiquement con\u00e7u pour \u00eatre le point central de toutes sortes d&#8217;activit\u00e9s de lecture et &hellip; <\/p>\n","protected":false},"author":2,"featured_media":0,"parent":0,"menu_order":0,"comment_status":"closed","ping_status":"closed","template":"","meta":{"om_disable_all_campaigns":false,"footnotes":""},"aioseo_notices":[],"_links":{"self":[{"href":"https:\/\/eh.ma\/fr\/wp-json\/wp\/v2\/pages\/137987"}],"collection":[{"href":"https:\/\/eh.ma\/fr\/wp-json\/wp\/v2\/pages"}],"about":[{"href":"https:\/\/eh.ma\/fr\/wp-json\/wp\/v2\/types\/page"}],"author":[{"embeddable":true,"href":"https:\/\/eh.ma\/fr\/wp-json\/wp\/v2\/users\/2"}],"replies":[{"embeddable":true,"href":"https:\/\/eh.ma\/fr\/wp-json\/wp\/v2\/comments?post=137987"}],"version-history":[{"count":7,"href":"https:\/\/eh.ma\/fr\/wp-json\/wp\/v2\/pages\/137987\/revisions"}],"predecessor-version":[{"id":140188,"href":"https:\/\/eh.ma\/fr\/wp-json\/wp\/v2\/pages\/137987\/revisions\/140188"}],"wp:attachment":[{"href":"https:\/\/eh.ma\/fr\/wp-json\/wp\/v2\/media?parent=137987"}],"curies":[{"name":"wp","href":"https:\/\/api.w.org\/{rel}","templated":true}]}}